{"id":13877,"date":"2022-08-29T12:49:33","date_gmt":"2022-08-29T10:49:33","guid":{"rendered":"https:\/\/bonusmp.com\/aviso-legal\/"},"modified":"2026-02-19T18:27:11","modified_gmt":"2026-02-19T16:27:11","slug":"mention-legale","status":"publish","type":"page","link":"https:\/\/bonusmp.com\/fr\/mention-legale\/","title":{"rendered":"Mention l\u00e9gale"},"content":{"rendered":"\t\t<div data-elementor-type=\"wp-page\" data-elementor-id=\"13877\" class=\"elementor elementor-13877 elementor-758\" data-elementor-post-type=\"page\">\n\t\t\t\t\t\t<section class=\"elementor-section elementor-top-section elementor-element elementor-element-1114903b elementor-section-boxed elementor-section-height-default elementor-section-height-default\" data-id=\"1114903b\" data-element_type=\"section\" data-e-type=\"section\">\n\t\t\t\t\t\t<div class=\"elementor-container elementor-column-gap-default\">\n\t\t\t\t\t<div class=\"elementor-column elementor-col-100 elementor-top-column elementor-element elementor-element-47c67a28\" data-id=\"47c67a28\" data-element_type=\"column\" data-e-type=\"column\">\n\t\t\t<div class=\"elementor-widget-wrap\">\n\t\t\t\t\t\t\t<\/div>\n\t\t<\/div>\n\t\t\t\t\t<\/div>\n\t\t<\/section>\n\t\t\t\t<section class=\"elementor-section elementor-top-section elementor-element elementor-element-54b3ce24 elementor-section-boxed elementor-section-height-default elementor-section-height-default\" data-id=\"54b3ce24\" data-element_type=\"section\" data-e-type=\"section\">\n\t\t\t\t\t\t<div class=\"elementor-container elementor-column-gap-default\">\n\t\t\t\t\t<div class=\"elementor-column elementor-col-100 elementor-top-column elementor-element elementor-element-4806ecd\" data-id=\"4806ecd\" data-element_type=\"column\" data-e-type=\"column\">\n\t\t\t<div class=\"elementor-widget-wrap\">\n\t\t\t\t\t\t\t<\/div>\n\t\t<\/div>\n\t\t\t\t\t<\/div>\n\t\t<\/section>\n\t\t\t\t<section class=\"elementor-section elementor-top-section elementor-element elementor-element-6d5c187c elementor-section-boxed elementor-section-height-default elementor-section-height-default\" data-id=\"6d5c187c\" data-element_type=\"section\" data-e-type=\"section\">\n\t\t\t\t\t\t<div class=\"elementor-container elementor-column-gap-default\">\n\t\t\t\t\t<div class=\"elementor-column elementor-col-100 elementor-top-column elementor-element elementor-element-51644d81\" data-id=\"51644d81\" data-element_type=\"column\" data-e-type=\"column\">\n\t\t\t<div class=\"elementor-widget-wrap elementor-element-populated\">\n\t\t\t\t\t\t<div class=\"elementor-element elementor-element-617faf06 elementor-widget elementor-widget-spacer\" data-id=\"617faf06\" data-element_type=\"widget\" data-e-type=\"widget\" data-widget_type=\"spacer.default\">\n\t\t\t\t<div class=\"elementor-widget-container\">\n\t\t\t\t\t\t\t<div class=\"elementor-spacer\">\n\t\t\t<div class=\"elementor-spacer-inner\"><\/div>\n\t\t<\/div>\n\t\t\t\t\t\t<\/div>\n\t\t\t\t<\/div>\n\t\t\t\t<div class=\"elementor-element elementor-element-29c286bb elementor-widget elementor-widget-text-editor\" data-id=\"29c286bb\" data-element_type=\"widget\" data-e-type=\"widget\" data-widget_type=\"text-editor.default\">\n\t\t\t\t<div class=\"elementor-widget-container\">\n\t\t\t\t\t\t\t\t\t<p>MENTION L\u00c9GALE<\/p>\t\t\t\t\t\t\t\t<\/div>\n\t\t\t\t<\/div>\n\t\t\t\t<div class=\"elementor-element elementor-element-6d714f7e elementor-widget elementor-widget-text-editor\" data-id=\"6d714f7e\" data-element_type=\"widget\" data-e-type=\"widget\" data-widget_type=\"text-editor.default\">\n\t\t\t\t<div class=\"elementor-widget-container\">\n\t\t\t\t\t\t\t\t\t<h4>1. Objet<\/h4><p>La pr\u00e9sente mention l\u00e9gale r\u00e9gule l&rsquo;utilisation et l&rsquo;exploitation du site web\u00a0www.bonusmp.com, dont le propri\u00e9taire est BONUS MARKETING PRODUCTIONS, S.L. (ci-apr\u00e8s, BONUS).<\/p><p>\u00a0<\/p><p>La navigation sur le site web de BONUS conf\u00e8re la condition d&rsquo;UTILISATEUR et implique l&rsquo;acceptation pleine et sans r\u00e9serve de chacune des conditions publi\u00e9es dans cette mention l\u00e9gale, en avertissant que ces conditions peuvent \u00eatre modifi\u00e9es sans pr\u00e9avis par BONUS, auquel cas elles seront publi\u00e9es et notifi\u00e9es dans les meilleurs d\u00e9lais.<\/p><p>\u00a0<\/p><p>Pour cette raison, il est conseill\u00e9 de lire attentivement son contenu si vous souhaitez acc\u00e9der et utiliser les informations et services propos\u00e9s sur ce site.<\/p><p>\u00a0<\/p><p>L&rsquo;utilisateur s&rsquo;engage en outre \u00e0 faire un usage correct du site web, conform\u00e9ment \u00e0 la l\u00e9gislation en vigueur, \u00e0 la bonne foi, \u00e0 l&rsquo;ordre public, aux usages du trafic et \u00e0 la pr\u00e9sente mention l\u00e9gale, et r\u00e9pondra envers BONUS ou envers des tiers de tout dommage pouvant \u00eatre caus\u00e9 en raison du non-respect de cette obligation.<\/p><p>\u00a0<\/p><p>Toute utilisation autre que celle autoris\u00e9e est express\u00e9ment interdite, et BONUS se r\u00e9serve le droit de refuser ou de retirer l&rsquo;acc\u00e8s et l&rsquo;utilisation \u00e0 tout moment.<\/p><h4>\u00a0<\/h4><p>\u00a0<\/p><h4>2. Identification<\/h4><p>Conform\u00e9ment \u00e0 la Loi 34\/2002 du 11 juillet sur les Services de la Soci\u00e9t\u00e9 de l&rsquo;Information et du Commerce \u00c9lectronique, BONUS informe que :<\/p><p>\u00a0<\/p><ul><li>Sa d\u00e9nomination sociale est : BONUS MARKETING PRODUCTIONS, S.L.<\/li><li>Son CIF est : B65647612<\/li><li>Son si\u00e8ge social est situ\u00e9 \u00e0 : Avda. Bases de Manresa, n\u00ba 52-58, 1\u00ba 3\u00aa, 08241 Manresa \u2013 Barcelone<\/li><li>Inscription au Registre du Commerce de Barcelone T 42793, F 40, S 8, H B413101, I\/A 7<\/li><\/ul><p>\u00a0<\/p><p>\u00a0<\/p><h4>3. Communications<\/h4><p>Pour nous contacter, nous mettons \u00e0 votre disposition les moyens suivants :<\/p><p>\u00a0<\/p><ul><li>T\u00e9l\u00e9phone : 938722405<\/li><li>E-mail : mail@bonusmp.com<\/li><\/ul><p>\u00a0<\/p><p>Toutes les notifications et communications entre les utilisateurs et BONUS seront consid\u00e9r\u00e9es comme effectives lorsqu&rsquo;elles sont effectu\u00e9es par l&rsquo;un des moyens mentionn\u00e9s ci-dessus.<\/p><p>\u00a0<\/p><p>\u00a0<\/p><h4>4. Conditions d&rsquo;acc\u00e8s et d&rsquo;utilisation<\/h4><p>Le site web et ses services sont d&rsquo;acc\u00e8s libre et gratuit. Toutefois, BONUS peut conditionner l&rsquo;utilisation de certains services \u00e0 la pr\u00e9alablement compl\u00e9tion d&rsquo;un formulaire appropri\u00e9.<\/p><p>\u00a0<\/p><p>L&rsquo;utilisateur garantit l&rsquo;authenticit\u00e9 et l&rsquo;actualit\u00e9 de toutes les donn\u00e9es fournies \u00e0 BONUS et sera seul responsable des d\u00e9clarations fausses ou inexactes.<\/p><p>\u00a0<\/p><p>L&rsquo;utilisateur s&rsquo;engage \u00e0 utiliser correctement les contenus et services de BONUS et \u00e0 ne pas les utiliser pour :<\/p><p>\u00a0<\/p><ul><li>Diffuser des contenus illicites, violents, pornographiques, racistes, x\u00e9nophobes, offensants ou contraires \u00e0 la loi et \u00e0 l&rsquo;ordre public.<\/li><li>Introduire des virus informatiques ou effectuer des actions pouvant alt\u00e9rer, d\u00e9t\u00e9riorer ou interrompre le syst\u00e8me informatique de BONUS ou de tiers.<\/li><li>Violer les droits de propri\u00e9t\u00e9 intellectuelle ou industrielle, ainsi que la confidentialit\u00e9 des informations de BONUS ou de tiers.<\/li><li>Usurper l&rsquo;identit\u00e9 d&rsquo;un autre utilisateur.<\/li><li>Reproduire, copier, distribuer ou modifier le contenu sans l&rsquo;autorisation du propri\u00e9taire.<\/li><li>Utiliser les donn\u00e9es \u00e0 des fins publicitaires sans consentement pr\u00e9alable.<\/li><\/ul><p>\u00a0<\/p><p>Tous les contenus du site web sont prot\u00e9g\u00e9s par les droits de propri\u00e9t\u00e9 intellectuelle de BONUS.<\/p><p>\u00a0<\/p><h5><em>4.1. Exclusion de garanties et responsabilit\u00e9<\/em><\/h5><p>BONUS exclut, dans la limite de la l\u00e9gislation en vigueur, toute responsabilit\u00e9 pour les dommages de toute nature r\u00e9sultant de :<\/p><p>\u00a0<\/p><ul><li>L&rsquo;impossibilit\u00e9 d&rsquo;acc\u00e9der au site.<\/li><li>La pr\u00e9sence de virus dans les contenus.<\/li><li>Le non-respect des lois et de cette mention l\u00e9gale par les utilisateurs.<\/li><\/ul><p>\u00a0<\/p><p>BONUS d\u00e9cline toute responsabilit\u00e9 quant aux informations ext\u00e9rieures \u00e0 ce site web.<\/p><p>\u00a0<\/p><h5><em>4.2. Propri\u00e9t\u00e9 intellectuelle et industrielle<\/em><\/h5><p>BONUS est propri\u00e9taire de tous les droits de propri\u00e9t\u00e9 intellectuelle et industrielle du site web et de ses contenus. Toute reproduction, distribution ou communication publique est interdite sans l&rsquo;autorisation expresse de BONUS.<\/p><p>\u00a0<\/p><p>\u00a0<\/p><h4>5. Actions l\u00e9gales, loi applicable et juridiction<\/h4><p>BONUS se r\u00e9serve le droit d&rsquo;engager des actions civiles ou p\u00e9nales pour toute utilisation abusive de son site.<\/p><p>\u00a0<\/p><p>La relation entre l&rsquo;utilisateur et BONUS sera r\u00e9gie par la l\u00e9gislation espagnole en vigueur. Tout litige sera soumis aux tribunaux de Barcelone, Espagne.<\/p><p>\u00a0<\/p><p>La langue utilis\u00e9e sera l&rsquo;espagnol.<\/p>\t\t\t\t\t\t\t\t<\/div>\n\t\t\t\t<\/div>\n\t\t\t\t<div class=\"elementor-element elementor-element-ef65645 elementor-widget elementor-widget-spacer\" data-id=\"ef65645\" data-element_type=\"widget\" data-e-type=\"widget\" data-widget_type=\"spacer.default\">\n\t\t\t\t<div class=\"elementor-widget-container\">\n\t\t\t\t\t\t\t<div class=\"elementor-spacer\">\n\t\t\t<div class=\"elementor-spacer-inner\"><\/div>\n\t\t<\/div>\n\t\t\t\t\t\t<\/div>\n\t\t\t\t<\/div>\n\t\t\t\t\t<\/div>\n\t\t<\/div>\n\t\t\t\t\t<\/div>\n\t\t<\/section>\n\t\t\t\t<\/div>\n\t\t","protected":false},"excerpt":{"rendered":"<p>MENTION L\u00c9GALE 1. Objet La pr\u00e9sente mention l\u00e9gale r\u00e9gule l&rsquo;utilisation et l&rsquo;exploitation du site web\u00a0www.bonusmp.com, dont le propri\u00e9taire est BONUS MARKETING PRODUCTIONS, S.L. (ci-apr\u00e8s, BONUS). \u00a0 La navigation sur le site web de BONUS conf\u00e8re la condition d&rsquo;UTILISATEUR et implique l&rsquo;acceptation pleine et sans r\u00e9serve de chacune des conditions publi\u00e9es dans cette mention l\u00e9gale, en [&hellip;]<\/p>\n","protected":false},"author":1,"featured_media":0,"parent":0,"menu_order":0,"comment_status":"closed","ping_status":"closed","template":"","meta":{"inline_featured_image":false,"footnotes":""},"class_list":["post-13877","page","type-page","status-publish","hentry"],"yoast_head":"<!-- This site is optimized with the Yoast SEO plugin v27.3 - https:\/\/yoast.com\/product\/yoast-seo-wordpress\/ -->\n<title>Mention l\u00e9gale - Bonus Marketing Productions<\/title>\n<meta name=\"description\" content=\"Aviso legal de la p\u00e1gina web de Bonus Marketing Productions SL.\" \/>\n<meta name=\"robots\" content=\"noindex, follow\" \/>\n<meta property=\"og:locale\" content=\"fr_FR\" \/>\n<meta property=\"og:type\" content=\"article\" \/>\n<meta property=\"og:title\" content=\"Mention l\u00e9gale - Bonus Marketing Productions\" \/>\n<meta property=\"og:description\" content=\"Aviso legal de la p\u00e1gina web de Bonus Marketing Productions SL.\" \/>\n<meta property=\"og:url\" content=\"https:\/\/bonusmp.com\/fr\/mention-legale\/\" \/>\n<meta property=\"og:site_name\" content=\"Bonus Marketing Productions\" \/>\n<meta property=\"article:publisher\" content=\"https:\/\/www.facebook.com\/Bonusmp-288544488484046\/\" \/>\n<meta property=\"article:modified_time\" content=\"2026-02-19T16:27:11+00:00\" \/>\n<meta name=\"twitter:card\" content=\"summary_large_image\" \/>\n<meta name=\"twitter:label1\" content=\"Dur\u00e9e de lecture estim\u00e9e\" \/>\n\t<meta name=\"twitter:data1\" content=\"4 minutes\" \/>\n<script type=\"application\/ld+json\" class=\"yoast-schema-graph\">{\"@context\":\"https:\\\/\\\/schema.org\",\"@graph\":[{\"@type\":\"WebPage\",\"@id\":\"https:\\\/\\\/bonusmp.com\\\/fr\\\/mention-legale\\\/\",\"url\":\"https:\\\/\\\/bonusmp.com\\\/fr\\\/mention-legale\\\/\",\"name\":\"Mention l\u00e9gale - Bonus Marketing Productions\",\"isPartOf\":{\"@id\":\"https:\\\/\\\/bonusmp.com\\\/en\\\/#website\"},\"datePublished\":\"2022-08-29T10:49:33+00:00\",\"dateModified\":\"2026-02-19T16:27:11+00:00\",\"description\":\"Aviso legal de la p\u00e1gina web de Bonus Marketing Productions SL.\",\"breadcrumb\":{\"@id\":\"https:\\\/\\\/bonusmp.com\\\/fr\\\/mention-legale\\\/#breadcrumb\"},\"inLanguage\":\"fr-FR\",\"potentialAction\":[{\"@type\":\"ReadAction\",\"target\":[\"https:\\\/\\\/bonusmp.com\\\/fr\\\/mention-legale\\\/\"]}]},{\"@type\":\"BreadcrumbList\",\"@id\":\"https:\\\/\\\/bonusmp.com\\\/fr\\\/mention-legale\\\/#breadcrumb\",\"itemListElement\":[{\"@type\":\"ListItem\",\"position\":1,\"name\":\"Inici\",\"item\":\"https:\\\/\\\/bonusmp.com\\\/it\\\/\"},{\"@type\":\"ListItem\",\"position\":2,\"name\":\"Mention l\u00e9gale\"}]},{\"@type\":\"WebSite\",\"@id\":\"https:\\\/\\\/bonusmp.com\\\/en\\\/#website\",\"url\":\"https:\\\/\\\/bonusmp.com\\\/en\\\/\",\"name\":\"Bonus Marketing Productions\",\"description\":\"Premium promos for top brands.\",\"publisher\":{\"@id\":\"https:\\\/\\\/bonusmp.com\\\/en\\\/#organization\"},\"potentialAction\":[{\"@type\":\"SearchAction\",\"target\":{\"@type\":\"EntryPoint\",\"urlTemplate\":\"https:\\\/\\\/bonusmp.com\\\/en\\\/?s={search_term_string}\"},\"query-input\":{\"@type\":\"PropertyValueSpecification\",\"valueRequired\":true,\"valueName\":\"search_term_string\"}}],\"inLanguage\":\"fr-FR\"},{\"@type\":\"Organization\",\"@id\":\"https:\\\/\\\/bonusmp.com\\\/en\\\/#organization\",\"name\":\"Bonus Marketing Productions\",\"url\":\"https:\\\/\\\/bonusmp.com\\\/en\\\/\",\"logo\":{\"@type\":\"ImageObject\",\"inLanguage\":\"fr-FR\",\"@id\":\"https:\\\/\\\/bonusmp.com\\\/en\\\/#\\\/schema\\\/logo\\\/image\\\/\",\"url\":\"https:\\\/\\\/bonusmp.com\\\/wp-content\\\/uploads\\\/2022\\\/08\\\/Grupo-38.svg\",\"contentUrl\":\"https:\\\/\\\/bonusmp.com\\\/wp-content\\\/uploads\\\/2022\\\/08\\\/Grupo-38.svg\",\"width\":405,\"height\":89,\"caption\":\"Bonus Marketing Productions\"},\"image\":{\"@id\":\"https:\\\/\\\/bonusmp.com\\\/en\\\/#\\\/schema\\\/logo\\\/image\\\/\"},\"sameAs\":[\"https:\\\/\\\/www.facebook.com\\\/Bonusmp-288544488484046\\\/\",\"https:\\\/\\\/www.linkedin.com\\\/company\\\/bonus-marketing-productions\",\"https:\\\/\\\/www.instagram.com\\\/bonusmp_\\\/\",\"https:\\\/\\\/www.youtube.com\\\/channel\\\/UC7LJCChfCsSUqzvrne6nQtA\"]}]}<\/script>\n<!-- \/ Yoast SEO plugin. -->","yoast_head_json":{"title":"Mention l\u00e9gale - Bonus Marketing Productions","description":"Aviso legal de la p\u00e1gina web de Bonus Marketing Productions SL.","robots":{"index":"noindex","follow":"follow"},"og_locale":"fr_FR","og_type":"article","og_title":"Mention l\u00e9gale - Bonus Marketing Productions","og_description":"Aviso legal de la p\u00e1gina web de Bonus Marketing Productions SL.","og_url":"https:\/\/bonusmp.com\/fr\/mention-legale\/","og_site_name":"Bonus Marketing Productions","article_publisher":"https:\/\/www.facebook.com\/Bonusmp-288544488484046\/","article_modified_time":"2026-02-19T16:27:11+00:00","twitter_card":"summary_large_image","twitter_misc":{"Dur\u00e9e de lecture estim\u00e9e":"4 minutes"},"schema":{"@context":"https:\/\/schema.org","@graph":[{"@type":"WebPage","@id":"https:\/\/bonusmp.com\/fr\/mention-legale\/","url":"https:\/\/bonusmp.com\/fr\/mention-legale\/","name":"Mention l\u00e9gale - Bonus Marketing Productions","isPartOf":{"@id":"https:\/\/bonusmp.com\/en\/#website"},"datePublished":"2022-08-29T10:49:33+00:00","dateModified":"2026-02-19T16:27:11+00:00","description":"Aviso legal de la p\u00e1gina web de Bonus Marketing Productions SL.","breadcrumb":{"@id":"https:\/\/bonusmp.com\/fr\/mention-legale\/#breadcrumb"},"inLanguage":"fr-FR","potentialAction":[{"@type":"ReadAction","target":["https:\/\/bonusmp.com\/fr\/mention-legale\/"]}]},{"@type":"BreadcrumbList","@id":"https:\/\/bonusmp.com\/fr\/mention-legale\/#breadcrumb","itemListElement":[{"@type":"ListItem","position":1,"name":"Inici","item":"https:\/\/bonusmp.com\/it\/"},{"@type":"ListItem","position":2,"name":"Mention l\u00e9gale"}]},{"@type":"WebSite","@id":"https:\/\/bonusmp.com\/en\/#website","url":"https:\/\/bonusmp.com\/en\/","name":"Bonus Marketing Productions","description":"Premium promos for top brands.","publisher":{"@id":"https:\/\/bonusmp.com\/en\/#organization"},"potentialAction":[{"@type":"SearchAction","target":{"@type":"EntryPoint","urlTemplate":"https:\/\/bonusmp.com\/en\/?s={search_term_string}"},"query-input":{"@type":"PropertyValueSpecification","valueRequired":true,"valueName":"search_term_string"}}],"inLanguage":"fr-FR"},{"@type":"Organization","@id":"https:\/\/bonusmp.com\/en\/#organization","name":"Bonus Marketing Productions","url":"https:\/\/bonusmp.com\/en\/","logo":{"@type":"ImageObject","inLanguage":"fr-FR","@id":"https:\/\/bonusmp.com\/en\/#\/schema\/logo\/image\/","url":"https:\/\/bonusmp.com\/wp-content\/uploads\/2022\/08\/Grupo-38.svg","contentUrl":"https:\/\/bonusmp.com\/wp-content\/uploads\/2022\/08\/Grupo-38.svg","width":405,"height":89,"caption":"Bonus Marketing Productions"},"image":{"@id":"https:\/\/bonusmp.com\/en\/#\/schema\/logo\/image\/"},"sameAs":["https:\/\/www.facebook.com\/Bonusmp-288544488484046\/","https:\/\/www.linkedin.com\/company\/bonus-marketing-productions","https:\/\/www.instagram.com\/bonusmp_\/","https:\/\/www.youtube.com\/channel\/UC7LJCChfCsSUqzvrne6nQtA"]}]}},"_links":{"self":[{"href":"https:\/\/bonusmp.com\/fr\/wp-json\/wp\/v2\/pages\/13877","targetHints":{"allow":["GET"]}}],"collection":[{"href":"https:\/\/bonusmp.com\/fr\/wp-json\/wp\/v2\/pages"}],"about":[{"href":"https:\/\/bonusmp.com\/fr\/wp-json\/wp\/v2\/types\/page"}],"author":[{"embeddable":true,"href":"https:\/\/bonusmp.com\/fr\/wp-json\/wp\/v2\/users\/1"}],"replies":[{"embeddable":true,"href":"https:\/\/bonusmp.com\/fr\/wp-json\/wp\/v2\/comments?post=13877"}],"version-history":[{"count":3,"href":"https:\/\/bonusmp.com\/fr\/wp-json\/wp\/v2\/pages\/13877\/revisions"}],"predecessor-version":[{"id":55696,"href":"https:\/\/bonusmp.com\/fr\/wp-json\/wp\/v2\/pages\/13877\/revisions\/55696"}],"wp:attachment":[{"href":"https:\/\/bonusmp.com\/fr\/wp-json\/wp\/v2\/media?parent=13877"}],"curies":[{"name":"wp","href":"https:\/\/api.w.org\/{rel}","templated":true}]}}