{"id":50280,"date":"2025-03-05T10:31:27","date_gmt":"2025-03-05T08:31:27","guid":{"rendered":"https:\/\/bonusmp.com\/social-media-policy\/"},"modified":"2025-03-25T10:34:17","modified_gmt":"2025-03-25T08:34:17","slug":"politique-en-matiere-de-medias-sociaux","status":"publish","type":"page","link":"https:\/\/bonusmp.com\/fr\/politique-en-matiere-de-medias-sociaux\/","title":{"rendered":"Politique en mati\u00e8re de m\u00e9dias sociaux"},"content":{"rendered":"\t\t<div data-elementor-type=\"wp-page\" data-elementor-id=\"50280\" class=\"elementor elementor-50280 elementor-50228\" data-elementor-post-type=\"page\">\n\t\t\t\t\t\t<section class=\"elementor-section elementor-top-section elementor-element elementor-element-ddf4474 elementor-section-boxed elementor-section-height-default elementor-section-height-default\" data-id=\"ddf4474\" data-element_type=\"section\" data-e-type=\"section\">\n\t\t\t\t\t\t<div class=\"elementor-container elementor-column-gap-default\">\n\t\t\t\t\t<div class=\"elementor-column elementor-col-100 elementor-top-column elementor-element elementor-element-1301350\" data-id=\"1301350\" data-element_type=\"column\" data-e-type=\"column\">\n\t\t\t<div class=\"elementor-widget-wrap elementor-element-populated\">\n\t\t\t\t\t\t<div class=\"elementor-element elementor-element-a1af78d elementor-widget elementor-widget-spacer\" data-id=\"a1af78d\" data-element_type=\"widget\" data-e-type=\"widget\" data-widget_type=\"spacer.default\">\n\t\t\t\t<div class=\"elementor-widget-container\">\n\t\t\t\t\t\t\t<div class=\"elementor-spacer\">\n\t\t\t<div class=\"elementor-spacer-inner\"><\/div>\n\t\t<\/div>\n\t\t\t\t\t\t<\/div>\n\t\t\t\t<\/div>\n\t\t\t\t<div class=\"elementor-element elementor-element-0ae3db7 elementor-widget elementor-widget-text-editor\" data-id=\"0ae3db7\" data-element_type=\"widget\" data-e-type=\"widget\" data-widget_type=\"text-editor.default\">\n\t\t\t\t<div class=\"elementor-widget-container\">\n\t\t\t\t\t\t\t\t\t<p>POLITIQUE EN MATI\u00c8RE DE M\u00c9DIAS SOCIAUX<\/p>\t\t\t\t\t\t\t\t<\/div>\n\t\t\t\t<\/div>\n\t\t\t\t<div class=\"elementor-element elementor-element-5b082de elementor-widget elementor-widget-text-editor\" data-id=\"5b082de\" data-element_type=\"widget\" data-e-type=\"widget\" data-widget_type=\"text-editor.default\">\n\t\t\t\t<div class=\"elementor-widget-container\">\n\t\t\t\t\t\t\t\t\t<p>Conform\u00e9ment au R\u00c8GLEMENT (UE) 2016\/679 du 27 avril 2016 du Parlement europ\u00e9en et du Conseil concernant la protection des personnes physiques \u00e0 l\u2019\u00e9gard du traitement des donn\u00e9es \u00e0 caract\u00e8re personnel, \u00e0 la loi organique 3\/2018 du 5 d\u00e9cembre relative \u00e0 la protection des donn\u00e9es \u00e0 caract\u00e8re personnel et \u00e0 la garantie des droits num\u00e9riques, et \u00e0 la loi 34\/2002 du 11 juillet sur les services de la soci\u00e9t\u00e9 de l\u2019information et le commerce \u00e9lectronique (LSSI-CE), BONUS MARKETING PRODUCTIONS, S.L., ci-apr\u00e8s (BONUS), informe les utilisateurs qu&rsquo;il a cr\u00e9\u00e9 un profil sur les r\u00e9seaux sociaux dans le but principal de promouvoir ses produits et services.<\/p><p>\u00a0<\/p><h4>DONN\u00c9ES DE BONUS MARKETING S.L.<\/h4><p>B65647612<\/p><p>Avda. Bases de Manresa, n.\u00ba 52-58, 1\u00ba 3\u00aa, 08241 Manresa \u2013 BarcelonE<\/p><p>info@bonusmp.com<\/p><p>www.bonusmp.com<\/p><p>\u00a0<\/p><p>L&rsquo;utilisateur dispose d&rsquo;un profil sur le m\u00eame r\u00e9seau social et a d\u00e9cid\u00e9 de rejoindre la page cr\u00e9\u00e9e par BONUS, montrant ainsi son int\u00e9r\u00eat pour les informations publi\u00e9es sur le r\u00e9seau. En rejoignant notre page, vous nous donnez votre consentement pour le traitement des donn\u00e9es personnelles publi\u00e9es dans votre profil.<\/p><p>\u00a0<\/p><p>L&rsquo;utilisateur peut consulter \u00e0 tout moment les politiques de confidentialit\u00e9 du r\u00e9seau social lui-m\u00eame, ainsi que configurer son profil pour garantir sa vie priv\u00e9e.<\/p><p>\u00a0<\/p><p>BONUS a acc\u00e8s et traite les informations publiques de l&rsquo;utilisateur, en particulier son nom de contact. Ces donn\u00e9es sont uniquement utilis\u00e9es au sein du r\u00e9seau social et, en aucun cas, elles ne sont int\u00e9gr\u00e9es dans un fichier, sans avoir au pr\u00e9alable obtenu le consentement expr\u00e8s de la personne concern\u00e9e.<\/p><p>\u00a0<\/p><p>En ce qui concerne les droits d&rsquo;acc\u00e8s, de rectification, d&rsquo;annulation et d&rsquo;opposition que vous poss\u00e9dez et que vous pouvez exercer aupr\u00e8s de BONUS, conform\u00e9ment au R\u00c8GLEMENT (UE) 2016\/679 du 27 avril 2016 du Parlement europ\u00e9en, vous devez prendre en compte qu&rsquo;en raison des fonctionnalit\u00e9s des r\u00e9seaux sociaux, vous devez normalement exercer vos droits directement aupr\u00e8s du r\u00e9seau social lui-m\u00eame.<\/p><p>\u00a0<\/p><p><strong>BONUS effectuera les actions suivantes :<\/strong><\/p><p>\u00a0<\/p><ul><li>Acc\u00e8s aux informations publiques du profil.<\/li><li>Publication sur le profil de l&rsquo;utilisateur de toutes les informations d\u00e9j\u00e0 publi\u00e9es sur la page BONUS.<\/li><li>Envoi de messages personnels et individuels via les canaux du r\u00e9seau social.<\/li><li>Mises \u00e0 jour de l&rsquo;\u00e9tat de la page \u00e0 publier sur le profil de l&rsquo;utilisateur.<\/li><\/ul><p>\u00a0<\/p><p>L&rsquo;utilisateur peut toujours contr\u00f4ler ses connexions, supprimer le contenu qui ne l&rsquo;int\u00e9resse plus et restreindre les personnes avec lesquelles il partage ses connexions, pour cela, il doit acc\u00e9der \u00e0 ses param\u00e8tres de confidentialit\u00e9.<\/p><p>\u00a0<\/p><h4>DONN\u00c9ES DES MINEURS<\/h4><p>L&rsquo;acc\u00e8s et l&rsquo;enregistrement sur ce r\u00e9seau social sont interdits pour les enfants de moins de 14 ans. L&rsquo;acc\u00e8s au site officiel de BONUS est \u00e9galement interdit aux enfants de moins de 14 ans. De son c\u00f4t\u00e9, si l&rsquo;utilisateur ne remplit pas cette exigence, BONUS l&rsquo;informe de la n\u00e9cessit\u00e9 d&rsquo;avoir l&rsquo;autorisation de ses parents, tuteurs ou repr\u00e9sentants l\u00e9gaux pour acc\u00e9der et utiliser le site officiel de BONUS.<\/p><p>\u00a0<\/p><p>BONUS est exempt\u00e9 de toute responsabilit\u00e9 d\u00e9coulant de l&rsquo;utilisation de son site officiel par des mineurs ou des utilisateurs ne remplissant pas les exigences mentionn\u00e9es ci-dessus, les seuls responsables \u00e9tant, dans tous les cas, leurs repr\u00e9sentants l\u00e9gaux.<\/p><p>\u00a0<\/p><h4>PUBLICATIONS<\/h4><p>L&rsquo;utilisateur, une fois li\u00e9 \u00e0 la page BONUS, peut publier des commentaires, des liens, des images ou des photographies, ou tout autre type de contenu multim\u00e9dia pris en charge par le r\u00e9seau social. L&rsquo;utilisateur doit, dans tous les cas, en \u00eatre le propri\u00e9taire, d\u00e9tenir les droits d&rsquo;auteur et les droits de propri\u00e9t\u00e9 intellectuelle ou avoir le consentement des tiers concern\u00e9s. Il est express\u00e9ment interdit de publier sur la page, que ce soit sous forme de texte, de graphiques, de photographies, de vid\u00e9os, etc., tout contenu qui viole ou risque de violer la morale, l&rsquo;\u00e9thique, le bon go\u00fbt ou la d\u00e9cence, et\/ou qui enfreint, viole ou porte atteinte aux droits de propri\u00e9t\u00e9 intellectuelle ou industrielle, au droit \u00e0 l&rsquo;image ou \u00e0 la loi. Dans ces cas, BONUS se r\u00e9serve le droit de retirer imm\u00e9diatement le contenu, et peut demander le blocage permanent de l&rsquo;utilisateur.<\/p><p>\u00a0<\/p><p>BONUS ne sera pas responsable du contenu librement publi\u00e9 par un utilisateur.<\/p><p>\u00a0<\/p><p>L&rsquo;utilisateur doit garder \u00e0 l&rsquo;esprit que ses publications seront visibles par d&rsquo;autres utilisateurs, pour lesquels il est principalement responsable de sa propre confidentialit\u00e9. Les images pouvant \u00eatre publi\u00e9es sur la page ne seront pas stock\u00e9es dans un fichier par BONUS, mais resteront sur le r\u00e9seau social.<\/p><p>\u00a0<\/p><h4>CONCOURS ET PROMOTIONS<\/h4><p>BONUS se r\u00e9serve le droit d&rsquo;organiser des concours et des promotions auxquels l&rsquo;utilisateur li\u00e9 \u00e0 sa page pourra participer. Les conditions de chacun de ces concours, lorsque la plateforme du r\u00e9seau social est utilis\u00e9e, seront publi\u00e9es sur celle-ci. Toujours en conformit\u00e9 avec la LSSI-CE et toute autre r\u00e9glementation applicable.<\/p><p>\u00a0<\/p><p>Le r\u00e9seau social ne sponsorise, n&rsquo;approuve ni ne g\u00e8re, de quelque mani\u00e8re que ce soit, l&rsquo;une de nos promotions, ni n&rsquo;est associ\u00e9 \u00e0 aucune d&rsquo;entre elles.<\/p><p>\u00a0<\/p><h4>PUBLICIT\u00c9<\/h4><p>BONUS utilisera le r\u00e9seau social pour promouvoir ses produits et services. Dans tous les cas, si BONUS d\u00e9cide de traiter vos donn\u00e9es de contact pour mener des actions de prospection commerciale directe, cela se fera toujours en conformit\u00e9 avec les exigences l\u00e9gales du RGPD, de la LOPDGDD et de la LSSI-CE.<\/p><p>\u00a0<\/p><p>Recommander la page BONUS \u00e0 d&rsquo;autres utilisateurs afin qu&rsquo;ils puissent \u00e9galement profiter des promotions ou \u00eatre inform\u00e9s de son activit\u00e9.<\/p><p>\u00a0<\/p><p>Voici les liens vers la politique de confidentialit\u00e9 des r\u00e9seaux sociaux :<\/p><p>\u00a0<\/p><ul><li>Facebook :\u00a0<a href=\"https:\/\/www.facebook.com\/bonusmarketingproductions\">https:\/\/www.facebook.com\/bonusmarketingproductions<\/a><\/li><li>Instagram :\u00a0<a href=\"https:\/\/www.instagram.com\/bonusmp_\/\">https:\/\/www.instagram.com\/bonusmp_\/<\/a><\/li><li>LinkedIn :\u00a0<a href=\"https:\/\/www.linkedin.com\/company\/bonus-marketing-productions\">https:\/\/www.linkedin.com\/company\/bonus-marketing-productions<\/a><\/li><li>YouTube :\u00a0<a href=\"https:\/\/www.youtube.com\/channel\/UC7LJCChfCsSUqzvrne6nQtA\">https:\/\/www.youtube.com\/channel\/UC7LJCChfCsSUqzvrne6nQtA<\/a><\/li><\/ul>\t\t\t\t\t\t\t\t<\/div>\n\t\t\t\t<\/div>\n\t\t\t\t<div class=\"elementor-element elementor-element-c9b7533 elementor-widget elementor-widget-spacer\" data-id=\"c9b7533\" data-element_type=\"widget\" data-e-type=\"widget\" data-widget_type=\"spacer.default\">\n\t\t\t\t<div class=\"elementor-widget-container\">\n\t\t\t\t\t\t\t<div class=\"elementor-spacer\">\n\t\t\t<div class=\"elementor-spacer-inner\"><\/div>\n\t\t<\/div>\n\t\t\t\t\t\t<\/div>\n\t\t\t\t<\/div>\n\t\t\t\t\t<\/div>\n\t\t<\/div>\n\t\t\t\t\t<\/div>\n\t\t<\/section>\n\t\t\t\t<\/div>\n\t\t","protected":false},"excerpt":{"rendered":"<p>POLITIQUE EN MATI\u00c8RE DE M\u00c9DIAS SOCIAUX Conform\u00e9ment au R\u00c8GLEMENT (UE) 2016\/679 du 27 avril 2016 du Parlement europ\u00e9en et du Conseil concernant la protection des personnes physiques \u00e0 l\u2019\u00e9gard du traitement des donn\u00e9es \u00e0 caract\u00e8re personnel, \u00e0 la loi organique 3\/2018 du 5 d\u00e9cembre relative \u00e0 la protection des donn\u00e9es \u00e0 caract\u00e8re personnel et \u00e0 [&hellip;]<\/p>\n","protected":false},"author":2,"featured_media":0,"parent":0,"menu_order":0,"comment_status":"closed","ping_status":"closed","template":"","meta":{"inline_featured_image":false,"footnotes":""},"class_list":["post-50280","page","type-page","status-publish","hentry"],"yoast_head":"<!-- This site is optimized with the Yoast SEO plugin v27.3 - https:\/\/yoast.com\/product\/yoast-seo-wordpress\/ -->\n<title>Politique en mati\u00e8re de m\u00e9dias sociaux - Bonus Marketing Productions<\/title>\n<meta name=\"robots\" content=\"index, follow, max-snippet:-1, max-image-preview:large, max-video-preview:-1\" \/>\n<link rel=\"canonical\" href=\"https:\/\/bonusmp.com\/politica-de-redes-sociales\/\" \/>\n<meta property=\"og:locale\" content=\"fr_FR\" \/>\n<meta property=\"og:type\" content=\"article\" \/>\n<meta property=\"og:title\" content=\"Politique en mati\u00e8re de m\u00e9dias sociaux - Bonus Marketing Productions\" \/>\n<meta property=\"og:description\" content=\"POLITIQUE EN MATI\u00c8RE DE M\u00c9DIAS SOCIAUX Conform\u00e9ment au R\u00c8GLEMENT (UE) 2016\/679 du 27 avril 2016 du Parlement europ\u00e9en et du Conseil concernant la protection des personnes physiques \u00e0 l\u2019\u00e9gard du traitement des donn\u00e9es \u00e0 caract\u00e8re personnel, \u00e0 la loi organique 3\/2018 du 5 d\u00e9cembre relative \u00e0 la protection des donn\u00e9es \u00e0 caract\u00e8re personnel et \u00e0 [&hellip;]\" \/>\n<meta property=\"og:url\" content=\"https:\/\/bonusmp.com\/politica-de-redes-sociales\/\" \/>\n<meta property=\"og:site_name\" content=\"Bonus Marketing Productions\" \/>\n<meta property=\"article:publisher\" content=\"https:\/\/www.facebook.com\/Bonusmp-288544488484046\/\" \/>\n<meta property=\"article:modified_time\" content=\"2025-03-25T08:34:17+00:00\" \/>\n<meta name=\"twitter:card\" content=\"summary_large_image\" \/>\n<meta name=\"twitter:label1\" content=\"Dur\u00e9e de lecture estim\u00e9e\" \/>\n\t<meta name=\"twitter:data1\" content=\"5 minutes\" \/>\n<script type=\"application\/ld+json\" class=\"yoast-schema-graph\">{\"@context\":\"https:\\\/\\\/schema.org\",\"@graph\":[{\"@type\":\"WebPage\",\"@id\":\"https:\\\/\\\/bonusmp.com\\\/politica-de-redes-sociales\\\/\",\"url\":\"https:\\\/\\\/bonusmp.com\\\/politica-de-redes-sociales\\\/\",\"name\":\"Politique en mati\u00e8re de m\u00e9dias sociaux - Bonus Marketing Productions\",\"isPartOf\":{\"@id\":\"https:\\\/\\\/bonusmp.com\\\/en\\\/#website\"},\"datePublished\":\"2025-03-05T08:31:27+00:00\",\"dateModified\":\"2025-03-25T08:34:17+00:00\",\"breadcrumb\":{\"@id\":\"https:\\\/\\\/bonusmp.com\\\/politica-de-redes-sociales\\\/#breadcrumb\"},\"inLanguage\":\"fr-FR\",\"potentialAction\":[{\"@type\":\"ReadAction\",\"target\":[\"https:\\\/\\\/bonusmp.com\\\/politica-de-redes-sociales\\\/\"]}]},{\"@type\":\"BreadcrumbList\",\"@id\":\"https:\\\/\\\/bonusmp.com\\\/politica-de-redes-sociales\\\/#breadcrumb\",\"itemListElement\":[{\"@type\":\"ListItem\",\"position\":1,\"name\":\"Inici\",\"item\":\"https:\\\/\\\/bonusmp.com\\\/it\\\/\"},{\"@type\":\"ListItem\",\"position\":2,\"name\":\"Politique en mati\u00e8re de m\u00e9dias sociaux\"}]},{\"@type\":\"WebSite\",\"@id\":\"https:\\\/\\\/bonusmp.com\\\/en\\\/#website\",\"url\":\"https:\\\/\\\/bonusmp.com\\\/en\\\/\",\"name\":\"Bonus Marketing Productions\",\"description\":\"Premium promos for top brands.\",\"publisher\":{\"@id\":\"https:\\\/\\\/bonusmp.com\\\/en\\\/#organization\"},\"potentialAction\":[{\"@type\":\"SearchAction\",\"target\":{\"@type\":\"EntryPoint\",\"urlTemplate\":\"https:\\\/\\\/bonusmp.com\\\/en\\\/?s={search_term_string}\"},\"query-input\":{\"@type\":\"PropertyValueSpecification\",\"valueRequired\":true,\"valueName\":\"search_term_string\"}}],\"inLanguage\":\"fr-FR\"},{\"@type\":\"Organization\",\"@id\":\"https:\\\/\\\/bonusmp.com\\\/en\\\/#organization\",\"name\":\"Bonus Marketing Productions\",\"url\":\"https:\\\/\\\/bonusmp.com\\\/en\\\/\",\"logo\":{\"@type\":\"ImageObject\",\"inLanguage\":\"fr-FR\",\"@id\":\"https:\\\/\\\/bonusmp.com\\\/en\\\/#\\\/schema\\\/logo\\\/image\\\/\",\"url\":\"https:\\\/\\\/bonusmp.com\\\/wp-content\\\/uploads\\\/2022\\\/08\\\/Grupo-38.svg\",\"contentUrl\":\"https:\\\/\\\/bonusmp.com\\\/wp-content\\\/uploads\\\/2022\\\/08\\\/Grupo-38.svg\",\"width\":405,\"height\":89,\"caption\":\"Bonus Marketing Productions\"},\"image\":{\"@id\":\"https:\\\/\\\/bonusmp.com\\\/en\\\/#\\\/schema\\\/logo\\\/image\\\/\"},\"sameAs\":[\"https:\\\/\\\/www.facebook.com\\\/Bonusmp-288544488484046\\\/\",\"https:\\\/\\\/www.linkedin.com\\\/company\\\/bonus-marketing-productions\",\"https:\\\/\\\/www.instagram.com\\\/bonusmp_\\\/\",\"https:\\\/\\\/www.youtube.com\\\/channel\\\/UC7LJCChfCsSUqzvrne6nQtA\"]}]}<\/script>\n<!-- \/ Yoast SEO plugin. -->","yoast_head_json":{"title":"Politique en mati\u00e8re de m\u00e9dias sociaux - Bonus Marketing Productions","robots":{"index":"index","follow":"follow","max-snippet":"max-snippet:-1","max-image-preview":"max-image-preview:large","max-video-preview":"max-video-preview:-1"},"canonical":"https:\/\/bonusmp.com\/politica-de-redes-sociales\/","og_locale":"fr_FR","og_type":"article","og_title":"Politique en mati\u00e8re de m\u00e9dias sociaux - Bonus Marketing Productions","og_description":"POLITIQUE EN MATI\u00c8RE DE M\u00c9DIAS SOCIAUX Conform\u00e9ment au R\u00c8GLEMENT (UE) 2016\/679 du 27 avril 2016 du Parlement europ\u00e9en et du Conseil concernant la protection des personnes physiques \u00e0 l\u2019\u00e9gard du traitement des donn\u00e9es \u00e0 caract\u00e8re personnel, \u00e0 la loi organique 3\/2018 du 5 d\u00e9cembre relative \u00e0 la protection des donn\u00e9es \u00e0 caract\u00e8re personnel et \u00e0 [&hellip;]","og_url":"https:\/\/bonusmp.com\/politica-de-redes-sociales\/","og_site_name":"Bonus Marketing Productions","article_publisher":"https:\/\/www.facebook.com\/Bonusmp-288544488484046\/","article_modified_time":"2025-03-25T08:34:17+00:00","twitter_card":"summary_large_image","twitter_misc":{"Dur\u00e9e de lecture estim\u00e9e":"5 minutes"},"schema":{"@context":"https:\/\/schema.org","@graph":[{"@type":"WebPage","@id":"https:\/\/bonusmp.com\/politica-de-redes-sociales\/","url":"https:\/\/bonusmp.com\/politica-de-redes-sociales\/","name":"Politique en mati\u00e8re de m\u00e9dias sociaux - Bonus Marketing Productions","isPartOf":{"@id":"https:\/\/bonusmp.com\/en\/#website"},"datePublished":"2025-03-05T08:31:27+00:00","dateModified":"2025-03-25T08:34:17+00:00","breadcrumb":{"@id":"https:\/\/bonusmp.com\/politica-de-redes-sociales\/#breadcrumb"},"inLanguage":"fr-FR","potentialAction":[{"@type":"ReadAction","target":["https:\/\/bonusmp.com\/politica-de-redes-sociales\/"]}]},{"@type":"BreadcrumbList","@id":"https:\/\/bonusmp.com\/politica-de-redes-sociales\/#breadcrumb","itemListElement":[{"@type":"ListItem","position":1,"name":"Inici","item":"https:\/\/bonusmp.com\/it\/"},{"@type":"ListItem","position":2,"name":"Politique en mati\u00e8re de m\u00e9dias sociaux"}]},{"@type":"WebSite","@id":"https:\/\/bonusmp.com\/en\/#website","url":"https:\/\/bonusmp.com\/en\/","name":"Bonus Marketing Productions","description":"Premium promos for top brands.","publisher":{"@id":"https:\/\/bonusmp.com\/en\/#organization"},"potentialAction":[{"@type":"SearchAction","target":{"@type":"EntryPoint","urlTemplate":"https:\/\/bonusmp.com\/en\/?s={search_term_string}"},"query-input":{"@type":"PropertyValueSpecification","valueRequired":true,"valueName":"search_term_string"}}],"inLanguage":"fr-FR"},{"@type":"Organization","@id":"https:\/\/bonusmp.com\/en\/#organization","name":"Bonus Marketing Productions","url":"https:\/\/bonusmp.com\/en\/","logo":{"@type":"ImageObject","inLanguage":"fr-FR","@id":"https:\/\/bonusmp.com\/en\/#\/schema\/logo\/image\/","url":"https:\/\/bonusmp.com\/wp-content\/uploads\/2022\/08\/Grupo-38.svg","contentUrl":"https:\/\/bonusmp.com\/wp-content\/uploads\/2022\/08\/Grupo-38.svg","width":405,"height":89,"caption":"Bonus Marketing Productions"},"image":{"@id":"https:\/\/bonusmp.com\/en\/#\/schema\/logo\/image\/"},"sameAs":["https:\/\/www.facebook.com\/Bonusmp-288544488484046\/","https:\/\/www.linkedin.com\/company\/bonus-marketing-productions","https:\/\/www.instagram.com\/bonusmp_\/","https:\/\/www.youtube.com\/channel\/UC7LJCChfCsSUqzvrne6nQtA"]}]}},"_links":{"self":[{"href":"https:\/\/bonusmp.com\/fr\/wp-json\/wp\/v2\/pages\/50280","targetHints":{"allow":["GET"]}}],"collection":[{"href":"https:\/\/bonusmp.com\/fr\/wp-json\/wp\/v2\/pages"}],"about":[{"href":"https:\/\/bonusmp.com\/fr\/wp-json\/wp\/v2\/types\/page"}],"author":[{"embeddable":true,"href":"https:\/\/bonusmp.com\/fr\/wp-json\/wp\/v2\/users\/2"}],"replies":[{"embeddable":true,"href":"https:\/\/bonusmp.com\/fr\/wp-json\/wp\/v2\/comments?post=50280"}],"version-history":[{"count":0,"href":"https:\/\/bonusmp.com\/fr\/wp-json\/wp\/v2\/pages\/50280\/revisions"}],"wp:attachment":[{"href":"https:\/\/bonusmp.com\/fr\/wp-json\/wp\/v2\/media?parent=50280"}],"curies":[{"name":"wp","href":"https:\/\/api.w.org\/{rel}","templated":true}]}}