{"id":50281,"date":"2025-03-05T10:31:27","date_gmt":"2025-03-05T08:31:27","guid":{"rendered":"https:\/\/bonusmp.com\/social-media-policy\/"},"modified":"2025-03-25T12:17:34","modified_gmt":"2025-03-25T10:17:34","slug":"politica-sui-social-media","status":"publish","type":"page","link":"https:\/\/bonusmp.com\/it\/politica-sui-social-media\/","title":{"rendered":"Politica sui social media"},"content":{"rendered":"\t\t<div data-elementor-type=\"wp-page\" data-elementor-id=\"50281\" class=\"elementor elementor-50281 elementor-50228\" data-elementor-post-type=\"page\">\n\t\t\t\t\t\t<section class=\"elementor-section elementor-top-section elementor-element elementor-element-ddf4474 elementor-section-boxed elementor-section-height-default elementor-section-height-default\" data-id=\"ddf4474\" data-element_type=\"section\" data-e-type=\"section\">\n\t\t\t\t\t\t<div class=\"elementor-container elementor-column-gap-default\">\n\t\t\t\t\t<div class=\"elementor-column elementor-col-100 elementor-top-column elementor-element elementor-element-1301350\" data-id=\"1301350\" data-element_type=\"column\" data-e-type=\"column\">\n\t\t\t<div class=\"elementor-widget-wrap elementor-element-populated\">\n\t\t\t\t\t\t<div class=\"elementor-element elementor-element-a1af78d elementor-widget elementor-widget-spacer\" data-id=\"a1af78d\" data-element_type=\"widget\" data-e-type=\"widget\" data-widget_type=\"spacer.default\">\n\t\t\t\t<div class=\"elementor-widget-container\">\n\t\t\t\t\t\t\t<div class=\"elementor-spacer\">\n\t\t\t<div class=\"elementor-spacer-inner\"><\/div>\n\t\t<\/div>\n\t\t\t\t\t\t<\/div>\n\t\t\t\t<\/div>\n\t\t\t\t<div class=\"elementor-element elementor-element-0ae3db7 elementor-widget elementor-widget-text-editor\" data-id=\"0ae3db7\" data-element_type=\"widget\" data-e-type=\"widget\" data-widget_type=\"text-editor.default\">\n\t\t\t\t<div class=\"elementor-widget-container\">\n\t\t\t\t\t\t\t\t\t<p>POLITICA SUI SOCIAL MEDIA<\/p>\t\t\t\t\t\t\t\t<\/div>\n\t\t\t\t<\/div>\n\t\t\t\t<div class=\"elementor-element elementor-element-5b082de elementor-widget elementor-widget-text-editor\" data-id=\"5b082de\" data-element_type=\"widget\" data-e-type=\"widget\" data-widget_type=\"text-editor.default\">\n\t\t\t\t<div class=\"elementor-widget-container\">\n\t\t\t\t\t\t\t\t\t<p>In conformit\u00e0 al REGOLAMENTO (UE) 2016\/679, del 27 aprile 2016, del Parlamento Europeo e del Consiglio riguardante la protezione delle persone fisiche con riguardo al trattamento dei dati personali, alla Legge Organica 3\/2018, del 5 dicembre, sulla Protezione dei Dati Personali e la garanzia dei diritti digitali e alla Legge 34\/2002, dell&#8217;11 luglio, sui Servizi della Societ\u00e0 dell&#8217;Informazione e sul Commercio Elettronico (LSSI-CE), BONUS MARKETING PRODUCTIONS, S.L., di seguito (BONUS), informa gli utenti che \u00e8 stato creato un profilo sui Social Network con il principale scopo di pubblicizzare i propri prodotti e servizi.<\/p><p>\u00a0<\/p><h4>DATA OF BONUS MARKETING S.L.<\/h4><p>B65647612<\/p><p>Avda. Bases de Manresa, n.\u00ba 52-58, 1\u00ba 3\u00aa, 08241 Manresa \u2013 Barcellona<\/p><p>info@bonusmp.com<\/p><p>www.bonusmp.com<\/p><p>\u00a0<\/p><p>L&#8217;utente ha un profilo sulla stessa rete sociale e ha deciso di aderire alla pagina creata da BONUS, mostrando cos\u00ec interesse per le informazioni pubblicate sulla rete. Unendosi alla nostra pagina, ci fornisci il tuo consenso al trattamento dei dati personali pubblicati nel tuo profilo.<\/p><p>L&#8217;utente pu\u00f2 accedere alle politiche sulla privacy della rete sociale stessa in qualsiasi momento, nonch\u00e9 configurare il proprio profilo per garantire la propria privacy.<\/p><p>BONUS ha accesso e tratta le informazioni pubbliche dell&#8217;utente, in particolare il suo nome di contatto. Questi dati sono utilizzati solo all&#8217;interno della rete sociale e in nessun caso vengono incorporati in alcun archivio, senza aver previamente richiesto il consenso espresso dell&#8217;interessato.<\/p><p>In relazione ai diritti di accesso, rettifica, cancellazione e opposizione, che l&#8217;utente pu\u00f2 esercitare nei confronti di BONUS, in conformit\u00e0 al REGOLAMENTO (UE) 2016\/679, del 27 aprile 2016, del Parlamento Europeo, si deve tenere presente che, a causa delle funzionalit\u00e0 dei social network, normalmente l&#8217;utente dovr\u00e0 esercitare i propri diritti direttamente sulla rete sociale.<\/p><p>BONUS compir\u00e0 le seguenti azioni:<\/p><ul><li>Accesso alle informazioni del profilo pubblico.<\/li><li>Pubblicazione sul profilo dell&#8217;utente di tutte le informazioni gi\u00e0 pubblicate sulla pagina di BONUS.<\/li><li>Invio di messaggi personali e individuali attraverso i canali della rete sociale.<\/li><li>Aggiornamenti dello stato della pagina da pubblicare sul profilo dell&#8217;utente.<\/li><\/ul><p>L&#8217;utente pu\u00f2 sempre controllare le proprie connessioni, eliminare i contenuti che non sono pi\u00f9 di interesse e limitare con chi condivide le proprie connessioni; per fare ci\u00f2, deve accedere alle impostazioni sulla privacy.<\/p><p>\u00a0<\/p><h4>DATI DEI MINORI<\/h4><p>L&#8217;accesso e la registrazione a questa rete sociale sono vietati ai minori di 14 anni. L&#8217;accesso al sito ufficiale di BONUS \u00e8 altres\u00ec vietato ai minori di 14 anni. Da parte sua, se l&#8217;utente non soddisfa tale requisito, BONUS lo informa della necessit\u00e0 di avere l&#8217;autorizzazione dei propri genitori, tutori o legali rappresentanti per accedere e utilizzare il sito ufficiale di BONUS.<\/p><p>\u00a0<\/p><p>BONUS \u00e8 esente da qualsiasi responsabilit\u00e0 derivante dall&#8217;uso del proprio sito ufficiale da parte di minori o utenti che non soddisfano i suddetti requisiti, essendo, in ogni caso, i loro rappresentanti legali gli unici responsabili.<\/p><p>\u00a0<\/p><p>\u00a0<\/p><h4>PUBBLICAZIONI<\/h4><p>L&#8217;utente, una volta collegato alla pagina di BONUS, pu\u00f2 pubblicare commenti, link, immagini o fotografie o qualsiasi altro tipo di contenuto multimediale supportato dalla rete sociale su quest&#8217;ultima. L&#8217;utente, in tutti i casi, deve esserne il proprietario, godere dei diritti d&#8217;autore e dei diritti di propriet\u00e0 intellettuale o avere il consenso delle terze parti coinvolte. \u00c8 espressamente vietata qualsiasi pubblicazione sulla pagina, che sia testo, grafica, fotografie, video, ecc., che violi o possa violare la morale, l&#8217;etica, il buon gusto o la decenza, e\/o che infranga, violi o calpesti i diritti di propriet\u00e0 intellettuale o industriale, il diritto d&#8217;immagine o la legge. In questi casi, BONUS si riserva il diritto di rimuovere immediatamente il contenuto e potrebbe richiedere il blocco permanente dell&#8217;utente.<\/p><p>\u00a0<\/p><p>BONUS non sar\u00e0 responsabile per i contenuti pubblicati liberamente da un utente.<\/p><p>\u00a0<\/p><p>L&#8217;utente deve tenere presente che le sue pubblicazioni saranno visibili da altri utenti, per cui sar\u00e0 lui stesso il principale responsabile della propria privacy. Le immagini che possono essere pubblicate sulla pagina non verranno memorizzate in alcun archivio da BONUS, ma rimarranno sulla rete sociale.<\/p><p>\u00a0<\/p><p>\u00a0<\/p><h4>CONCORSI E PROMOZIONI<\/h4><p>BONUS si riserva il diritto di organizzare concorsi e promozioni a cui l&#8217;utente collegato alla propria pagina pu\u00f2 partecipare. Le basi di ciascuno di essi, quando la piattaforma della rete sociale \u00e8 utilizzata, saranno pubblicate su di essa. Sempre nel rispetto della LSSI-CE e di qualsiasi altra normativa applicabile.<\/p><p>\u00a0<\/p><p>La rete sociale non sponsorizza, approva n\u00e9 gestisce in alcun modo le nostre promozioni, n\u00e9 \u00e8 associata a nessuna di esse.<\/p><p>\u00a0<\/p><p>\u00a0<\/p><h4>PUBBLICIT\u00c0<\/h4><p>BONUS utilizzer\u00e0 la rete sociale per pubblicizzare i propri prodotti e servizi, in ogni caso, se decidesse di trattare i tuoi dati di contatto per svolgere azioni di prospezione commerciale diretta, lo far\u00e0 sempre nel rispetto dei requisiti legali del RGPD, della LOPDGDD e della LSSI-CE.<\/p><p>\u00a0<\/p><p>Raccomandando la pagina di BONUS ad altri utenti affinch\u00e9 possano anch&#8217;essi usufruire delle promozioni o essere informati sulle loro attivit\u00e0.<\/p><p>\u00a0<\/p><p>Di seguito, forniamo il link alla politica sulla privacy della rete sociale:<\/p><p>\u00a0<\/p><ul><li>Facebook:\u00a0<a href=\"https:\/\/www.facebook.com\/bonusmarketingproductions\">https:\/\/www.facebook.com\/bonusmarketingproductions<\/a><\/li><li>Instagram:\u00a0<a href=\"https:\/\/www.instagram.com\/bonusmp_\/\">https:\/\/www.instagram.com\/bonusmp_\/<\/a><\/li><li>LinkedIn:\u00a0<a href=\"https:\/\/www.linkedin.com\/company\/bonus-marketing-productions\">https:\/\/www.linkedin.com\/company\/bonus-marketing-productions<\/a><\/li><li>YouTube:\u00a0<a href=\"https:\/\/www.youtube.com\/channel\/UC7LJCChfCsSUqzvrne6nQtA\">https:\/\/www.youtube.com\/channel\/UC7LJCChfCsSUqzvrne6nQtA<\/a><\/li><\/ul>\t\t\t\t\t\t\t\t<\/div>\n\t\t\t\t<\/div>\n\t\t\t\t<div class=\"elementor-element elementor-element-c9b7533 elementor-widget elementor-widget-spacer\" data-id=\"c9b7533\" data-element_type=\"widget\" data-e-type=\"widget\" data-widget_type=\"spacer.default\">\n\t\t\t\t<div class=\"elementor-widget-container\">\n\t\t\t\t\t\t\t<div class=\"elementor-spacer\">\n\t\t\t<div class=\"elementor-spacer-inner\"><\/div>\n\t\t<\/div>\n\t\t\t\t\t\t<\/div>\n\t\t\t\t<\/div>\n\t\t\t\t\t<\/div>\n\t\t<\/div>\n\t\t\t\t\t<\/div>\n\t\t<\/section>\n\t\t\t\t<\/div>\n\t\t","protected":false},"excerpt":{"rendered":"<p>POLITICA SUI SOCIAL MEDIA In conformit\u00e0 al REGOLAMENTO (UE) 2016\/679, del 27 aprile 2016, del Parlamento Europeo e del Consiglio riguardante la protezione delle persone fisiche con riguardo al trattamento dei dati personali, alla Legge Organica 3\/2018, del 5 dicembre, sulla Protezione dei Dati Personali e la garanzia dei diritti digitali e alla Legge 34\/2002, [&hellip;]<\/p>\n","protected":false},"author":2,"featured_media":0,"parent":0,"menu_order":0,"comment_status":"closed","ping_status":"closed","template":"","meta":{"inline_featured_image":false,"footnotes":""},"class_list":["post-50281","page","type-page","status-publish","hentry"],"yoast_head":"<!-- This site is optimized with the Yoast SEO plugin v27.3 - https:\/\/yoast.com\/product\/yoast-seo-wordpress\/ -->\n<title>Politica sui social media - Bonus Marketing Productions<\/title>\n<meta name=\"robots\" content=\"index, follow, max-snippet:-1, max-image-preview:large, max-video-preview:-1\" \/>\n<link rel=\"canonical\" href=\"https:\/\/bonusmp.com\/politica-de-redes-sociales\/\" \/>\n<meta property=\"og:locale\" content=\"it_IT\" \/>\n<meta property=\"og:type\" content=\"article\" \/>\n<meta property=\"og:title\" content=\"Politica sui social media - Bonus Marketing Productions\" \/>\n<meta property=\"og:description\" content=\"POLITICA SUI SOCIAL MEDIA In conformit\u00e0 al REGOLAMENTO (UE) 2016\/679, del 27 aprile 2016, del Parlamento Europeo e del Consiglio riguardante la protezione delle persone fisiche con riguardo al trattamento dei dati personali, alla Legge Organica 3\/2018, del 5 dicembre, sulla Protezione dei Dati Personali e la garanzia dei diritti digitali e alla Legge 34\/2002, [&hellip;]\" \/>\n<meta property=\"og:url\" content=\"https:\/\/bonusmp.com\/politica-de-redes-sociales\/\" \/>\n<meta property=\"og:site_name\" content=\"Bonus Marketing Productions\" \/>\n<meta property=\"article:publisher\" content=\"https:\/\/www.facebook.com\/Bonusmp-288544488484046\/\" \/>\n<meta property=\"article:modified_time\" content=\"2025-03-25T10:17:34+00:00\" \/>\n<meta name=\"twitter:card\" content=\"summary_large_image\" \/>\n<meta name=\"twitter:label1\" content=\"Tempo di lettura stimato\" \/>\n\t<meta name=\"twitter:data1\" content=\"5 minuti\" \/>\n<script type=\"application\/ld+json\" class=\"yoast-schema-graph\">{\"@context\":\"https:\\\/\\\/schema.org\",\"@graph\":[{\"@type\":\"WebPage\",\"@id\":\"https:\\\/\\\/bonusmp.com\\\/politica-de-redes-sociales\\\/\",\"url\":\"https:\\\/\\\/bonusmp.com\\\/politica-de-redes-sociales\\\/\",\"name\":\"Politica sui social media - Bonus Marketing Productions\",\"isPartOf\":{\"@id\":\"https:\\\/\\\/bonusmp.com\\\/en\\\/#website\"},\"datePublished\":\"2025-03-05T08:31:27+00:00\",\"dateModified\":\"2025-03-25T10:17:34+00:00\",\"breadcrumb\":{\"@id\":\"https:\\\/\\\/bonusmp.com\\\/politica-de-redes-sociales\\\/#breadcrumb\"},\"inLanguage\":\"it-IT\",\"potentialAction\":[{\"@type\":\"ReadAction\",\"target\":[\"https:\\\/\\\/bonusmp.com\\\/politica-de-redes-sociales\\\/\"]}]},{\"@type\":\"BreadcrumbList\",\"@id\":\"https:\\\/\\\/bonusmp.com\\\/politica-de-redes-sociales\\\/#breadcrumb\",\"itemListElement\":[{\"@type\":\"ListItem\",\"position\":1,\"name\":\"Inici\",\"item\":\"https:\\\/\\\/bonusmp.com\\\/it\\\/\"},{\"@type\":\"ListItem\",\"position\":2,\"name\":\"Politica sui social media\"}]},{\"@type\":\"WebSite\",\"@id\":\"https:\\\/\\\/bonusmp.com\\\/en\\\/#website\",\"url\":\"https:\\\/\\\/bonusmp.com\\\/en\\\/\",\"name\":\"Bonus Marketing Productions\",\"description\":\"Premium promos for top brands.\",\"publisher\":{\"@id\":\"https:\\\/\\\/bonusmp.com\\\/en\\\/#organization\"},\"potentialAction\":[{\"@type\":\"SearchAction\",\"target\":{\"@type\":\"EntryPoint\",\"urlTemplate\":\"https:\\\/\\\/bonusmp.com\\\/en\\\/?s={search_term_string}\"},\"query-input\":{\"@type\":\"PropertyValueSpecification\",\"valueRequired\":true,\"valueName\":\"search_term_string\"}}],\"inLanguage\":\"it-IT\"},{\"@type\":\"Organization\",\"@id\":\"https:\\\/\\\/bonusmp.com\\\/en\\\/#organization\",\"name\":\"Bonus Marketing Productions\",\"url\":\"https:\\\/\\\/bonusmp.com\\\/en\\\/\",\"logo\":{\"@type\":\"ImageObject\",\"inLanguage\":\"it-IT\",\"@id\":\"https:\\\/\\\/bonusmp.com\\\/en\\\/#\\\/schema\\\/logo\\\/image\\\/\",\"url\":\"https:\\\/\\\/bonusmp.com\\\/wp-content\\\/uploads\\\/2022\\\/08\\\/Grupo-38.svg\",\"contentUrl\":\"https:\\\/\\\/bonusmp.com\\\/wp-content\\\/uploads\\\/2022\\\/08\\\/Grupo-38.svg\",\"width\":405,\"height\":89,\"caption\":\"Bonus Marketing Productions\"},\"image\":{\"@id\":\"https:\\\/\\\/bonusmp.com\\\/en\\\/#\\\/schema\\\/logo\\\/image\\\/\"},\"sameAs\":[\"https:\\\/\\\/www.facebook.com\\\/Bonusmp-288544488484046\\\/\",\"https:\\\/\\\/www.linkedin.com\\\/company\\\/bonus-marketing-productions\",\"https:\\\/\\\/www.instagram.com\\\/bonusmp_\\\/\",\"https:\\\/\\\/www.youtube.com\\\/channel\\\/UC7LJCChfCsSUqzvrne6nQtA\"]}]}<\/script>\n<!-- \/ Yoast SEO plugin. -->","yoast_head_json":{"title":"Politica sui social media - Bonus Marketing Productions","robots":{"index":"index","follow":"follow","max-snippet":"max-snippet:-1","max-image-preview":"max-image-preview:large","max-video-preview":"max-video-preview:-1"},"canonical":"https:\/\/bonusmp.com\/politica-de-redes-sociales\/","og_locale":"it_IT","og_type":"article","og_title":"Politica sui social media - Bonus Marketing Productions","og_description":"POLITICA SUI SOCIAL MEDIA In conformit\u00e0 al REGOLAMENTO (UE) 2016\/679, del 27 aprile 2016, del Parlamento Europeo e del Consiglio riguardante la protezione delle persone fisiche con riguardo al trattamento dei dati personali, alla Legge Organica 3\/2018, del 5 dicembre, sulla Protezione dei Dati Personali e la garanzia dei diritti digitali e alla Legge 34\/2002, [&hellip;]","og_url":"https:\/\/bonusmp.com\/politica-de-redes-sociales\/","og_site_name":"Bonus Marketing Productions","article_publisher":"https:\/\/www.facebook.com\/Bonusmp-288544488484046\/","article_modified_time":"2025-03-25T10:17:34+00:00","twitter_card":"summary_large_image","twitter_misc":{"Tempo di lettura stimato":"5 minuti"},"schema":{"@context":"https:\/\/schema.org","@graph":[{"@type":"WebPage","@id":"https:\/\/bonusmp.com\/politica-de-redes-sociales\/","url":"https:\/\/bonusmp.com\/politica-de-redes-sociales\/","name":"Politica sui social media - Bonus Marketing Productions","isPartOf":{"@id":"https:\/\/bonusmp.com\/en\/#website"},"datePublished":"2025-03-05T08:31:27+00:00","dateModified":"2025-03-25T10:17:34+00:00","breadcrumb":{"@id":"https:\/\/bonusmp.com\/politica-de-redes-sociales\/#breadcrumb"},"inLanguage":"it-IT","potentialAction":[{"@type":"ReadAction","target":["https:\/\/bonusmp.com\/politica-de-redes-sociales\/"]}]},{"@type":"BreadcrumbList","@id":"https:\/\/bonusmp.com\/politica-de-redes-sociales\/#breadcrumb","itemListElement":[{"@type":"ListItem","position":1,"name":"Inici","item":"https:\/\/bonusmp.com\/it\/"},{"@type":"ListItem","position":2,"name":"Politica sui social media"}]},{"@type":"WebSite","@id":"https:\/\/bonusmp.com\/en\/#website","url":"https:\/\/bonusmp.com\/en\/","name":"Bonus Marketing Productions","description":"Premium promos for top brands.","publisher":{"@id":"https:\/\/bonusmp.com\/en\/#organization"},"potentialAction":[{"@type":"SearchAction","target":{"@type":"EntryPoint","urlTemplate":"https:\/\/bonusmp.com\/en\/?s={search_term_string}"},"query-input":{"@type":"PropertyValueSpecification","valueRequired":true,"valueName":"search_term_string"}}],"inLanguage":"it-IT"},{"@type":"Organization","@id":"https:\/\/bonusmp.com\/en\/#organization","name":"Bonus Marketing Productions","url":"https:\/\/bonusmp.com\/en\/","logo":{"@type":"ImageObject","inLanguage":"it-IT","@id":"https:\/\/bonusmp.com\/en\/#\/schema\/logo\/image\/","url":"https:\/\/bonusmp.com\/wp-content\/uploads\/2022\/08\/Grupo-38.svg","contentUrl":"https:\/\/bonusmp.com\/wp-content\/uploads\/2022\/08\/Grupo-38.svg","width":405,"height":89,"caption":"Bonus Marketing Productions"},"image":{"@id":"https:\/\/bonusmp.com\/en\/#\/schema\/logo\/image\/"},"sameAs":["https:\/\/www.facebook.com\/Bonusmp-288544488484046\/","https:\/\/www.linkedin.com\/company\/bonus-marketing-productions","https:\/\/www.instagram.com\/bonusmp_\/","https:\/\/www.youtube.com\/channel\/UC7LJCChfCsSUqzvrne6nQtA"]}]}},"_links":{"self":[{"href":"https:\/\/bonusmp.com\/it\/wp-json\/wp\/v2\/pages\/50281","targetHints":{"allow":["GET"]}}],"collection":[{"href":"https:\/\/bonusmp.com\/it\/wp-json\/wp\/v2\/pages"}],"about":[{"href":"https:\/\/bonusmp.com\/it\/wp-json\/wp\/v2\/types\/page"}],"author":[{"embeddable":true,"href":"https:\/\/bonusmp.com\/it\/wp-json\/wp\/v2\/users\/2"}],"replies":[{"embeddable":true,"href":"https:\/\/bonusmp.com\/it\/wp-json\/wp\/v2\/comments?post=50281"}],"version-history":[{"count":0,"href":"https:\/\/bonusmp.com\/it\/wp-json\/wp\/v2\/pages\/50281\/revisions"}],"wp:attachment":[{"href":"https:\/\/bonusmp.com\/it\/wp-json\/wp\/v2\/media?parent=50281"}],"curies":[{"name":"wp","href":"https:\/\/api.w.org\/{rel}","templated":true}]}}